{"id":6378,"date":"2025-10-01T15:05:24","date_gmt":"2025-10-01T14:05:24","guid":{"rendered":"http:\/\/tfe-school-2.local\/?page_id=6378"},"modified":"2025-10-30T16:22:03","modified_gmt":"2025-10-30T15:22:03","slug":"general-terms-and-conditions","status":"publish","type":"page","link":"https:\/\/www.thefrenchexplorerschool.com\/es\/general-terms-and-conditions\/","title":{"rendered":"Condiciones generales\u00a0"},"content":{"rendered":"<p>Estas condiciones son propiedad de The French Explorer School<em>, 9 rue du bon bouillon 85210 Ste Hermine, <\/em><em>N\u00famero de identificaci\u00f3n fiscal<\/em>).<\/p>\n\n\n\n<p>Los T\u00e9rminos y Condiciones Generales se aplican a todos los estudiantes de The French Explorer School.<\/p>\n\n\n\n<h2 class=\"gb-text\">1. <strong>Aplicaci\u00f3n&nbsp;<\/strong><\/h2>\n\n\n\n<p>El presente contrato es un contrato de prestaci\u00f3n de servicios que tiene por objeto la misi\u00f3n siguiente La ense\u00f1anza del franc\u00e9s. Los padres de un menor de 18 a\u00f1os deben firmar el formulario de inscripci\u00f3n para confirmar que han le\u00eddo y aceptado las presentes condiciones.<\/p>\n\n\n\n<h2 class=\"gb-text\">2. 2. Protecci\u00f3n de datos<\/h2>\n\n\n\n<p>Su privacidad es importante para nosotros. Tenga en cuenta que, al enviarnos sus datos personales, acepta las condiciones descritas en nuestra pol\u00edtica de privacidad, que puede consultar en <a href=\"https:\/\/www.thefrenchexplorerschool.com\/es\/privacy-policy\/\">https:\/\/thefrenchexplorerschool.com\/privacy-policy<\/a><\/p>\n\n\n\n<h2 class=\"gb-text\">3. 3. Condiciones de pago<\/h2>\n\n\n\n<p>La tarifa horaria de una clase particular es de 52 euros por 60 minutos. La tarifa mensual de 4 clases al mes para un explorador en solitario es de 180 euros. T La tarifa mensual de 4 lecciones al mes para un equipo de 2 exploradores se fija en 144 euros. La tarifa mensual de 4 lecciones al mes para un equipo de 3 exploradores es de 108 euros. El precio de un pack Descubrir (10 lecciones) es de 520 euros.&nbsp;<\/p>\n\n\n\n<p>*La escuela \/ el profesor se reserva el derecho de modificar la tarifa horaria cuando sea necesario, en cualquier caso el alumno siempre ser\u00e1 avisado 30 d\u00edas antes de que se realice el cambio. El pago del curso debe realizarse entre los padres\/alumnos y la escuela The French Explorer cada mes y al menos 24 horas antes del comienzo de las clases. Si no se ha recibido el pago completo, no se le permitir\u00e1 comenzar el curso. Las facturas se emitir\u00e1n a final de mes y se enviar\u00e1n a los estudiantes que deseen recibirlas.<\/p>\n\n\n\n<h2 class=\"gb-text\">4. Llegadas tard\u00edas<\/h2>\n\n\n\n<p>El profesor esperar\u00e1 al alumno un m\u00e1ximo de 15 minutos, si el alumno no se presenta a la clase despu\u00e9s de este tiempo, se cobrar\u00e1 el importe de la sesi\u00f3n y no se recuperar\u00e1 la clase. No se reembolsar\u00e1 el tiempo perdido. Si el profesor llega tarde, tendr\u00e1 que encontrar un momento con el alumno para recuperar el tiempo perdido.<\/p>\n\n\n\n<h2 class=\"gb-text\">5. Aplazamiento \/ Cambios de programa&nbsp;<\/h2>\n\n\n\n<p>El profesor y el alumno tienen derecho a cambiar la fecha del curso ya establecida si se hace con m\u00e1s de 24 horas\/d\u00edas de antelaci\u00f3n al inicio del curso. En este caso, ambas partes deber\u00e1n ponerse de acuerdo sobre la nueva fecha y hora. Si ambas partes no pueden ponerse de acuerdo sobre una nueva franja horaria, el curso se mantendr\u00e1 tal y como estaba programado inicialmente.<\/p>\n\n\n\n<h2 class=\"gb-text\">6. Anulaci\u00f3n<\/h2>\n\n\n\n<p>Todas las cancelaciones deben comunicarse lo antes posible. Si una cancelaci\u00f3n se produce con menos de 24 horas de antelaci\u00f3n a la clase, se cobrar\u00e1 al alumno el 100% del importe de la clase y no podr\u00e1 solicitar el reembolso. Si el profesor cancela una clase con menos de 24 horas de antelaci\u00f3n, el alumno podr\u00e1 recuperar gratuitamente la clase perdida.<\/p>\n\n\n\n<p>La French Explorer School no se hace responsable, en particular, en caso de incendio, inundaci\u00f3n, interrupci\u00f3n del suministro de energ\u00eda o de Internet.<\/p>\n\n\n\n<h2 class=\"gb-text\">7. 7. Derecho de retractaci\u00f3n&nbsp;<\/h2>\n\n\n\n<p>Si ya no desea seguir un curso y desea ejercer su derecho de desistimiento, deber\u00e1 notificar su decisi\u00f3n por correo electr\u00f3nico en un plazo de 8 d\u00edas.<\/p>\n\n\n\n<p>Fecha y firma del profesor y del alumno.<\/p>\n\n\n\n<h2 class=\"gb-text\">8. Confidencialidad<\/h2>\n\n\n\n<p>Los datos personales facilitados por cada una de las Partes est\u00e1n protegidos por las leyes y reglamentos aplicables a los datos personales y, en particular, por el Reglamento (UE) 2016\/679 del Parlamento Europeo y del Consejo, de 27 de abril de 2016, relativo a la protecci\u00f3n de las personas f\u00edsicas en lo que respecta al tratamiento de datos personales y a la libre circulaci\u00f3n de estos datos (Reglamento general de protecci\u00f3n de datos), que se utilizar\u00e1n para la ejecuci\u00f3n del Contrato.<\/p>\n\n\n\n<p>Cada Parte se compromete, en caso de que obtenga o tenga conocimiento de datos\/documentos personales pertenecientes a la otra Parte, a tratarlos de conformidad con las leyes y reglamentos aplicables a los datos personales.<\/p>\n\n\n\n<h2 class=\"gb-text\">9. Disputas<\/h2>\n\n\n\n<p>En caso de litigio, el Proveedor de Servicios, The French Explorer School y el Estudiante \/ Padres se comprometen a buscar una soluci\u00f3n amistosa.<\/p>\n\n\n\n<p>Con la firma de este contrato, el Proveedor de Servicios y el Estudiante se comprometen a cumplir los t\u00e9rminos y condiciones expuestos anteriormente.<\/p>","protected":false},"excerpt":{"rendered":"<p>These conditions are owned by The French Explorer School, 9 rue du bon bouillon 85210 Ste Hermine, Tax number). The Terms &amp; General conditions apply to all students of The French Explorer School. 1. Application&nbsp; This contract is a service provision contract with the following mission as its object: Teaching French. Parents of a child &#8230; <a title=\"Condiciones generales\u00a0\" class=\"read-more\" href=\"https:\/\/www.thefrenchexplorerschool.com\/es\/general-terms-and-conditions\/\" aria-label=\"Leer m\u00e1s sobre General Terms and Conditions\u00a0\">Read this post<\/a><\/p>","protected":false},"author":2,"featured_media":0,"parent":0,"menu_order":0,"comment_status":"closed","ping_status":"closed","template":"","meta":{"footnotes":""},"class_list":["post-6378","page","type-page","status-publish"],"_links":{"self":[{"href":"https:\/\/www.thefrenchexplorerschool.com\/es\/wp-json\/wp\/v2\/pages\/6378","targetHints":{"allow":["GET"]}}],"collection":[{"href":"https:\/\/www.thefrenchexplorerschool.com\/es\/wp-json\/wp\/v2\/pages"}],"about":[{"href":"https:\/\/www.thefrenchexplorerschool.com\/es\/wp-json\/wp\/v2\/types\/page"}],"author":[{"embeddable":true,"href":"https:\/\/www.thefrenchexplorerschool.com\/es\/wp-json\/wp\/v2\/users\/2"}],"replies":[{"embeddable":true,"href":"https:\/\/www.thefrenchexplorerschool.com\/es\/wp-json\/wp\/v2\/comments?post=6378"}],"version-history":[{"count":2,"href":"https:\/\/www.thefrenchexplorerschool.com\/es\/wp-json\/wp\/v2\/pages\/6378\/revisions"}],"predecessor-version":[{"id":8855,"href":"https:\/\/www.thefrenchexplorerschool.com\/es\/wp-json\/wp\/v2\/pages\/6378\/revisions\/8855"}],"wp:attachment":[{"href":"https:\/\/www.thefrenchexplorerschool.com\/es\/wp-json\/wp\/v2\/media?parent=6378"}],"curies":[{"name":"wp","href":"https:\/\/api.w.org\/{rel}","templated":true}]}}