{"id":8885,"date":"2025-10-30T15:25:10","date_gmt":"2025-10-30T14:25:10","guid":{"rendered":"https:\/\/www.thefrenchexplorerschool.com\/?page_id=8885"},"modified":"2026-03-09T20:13:08","modified_gmt":"2026-03-09T19:13:08","slug":"freebie-subscription","status":"publish","type":"page","link":"https:\/\/www.thefrenchexplorerschool.com\/es\/freebie-subscription\/","title":{"rendered":"Freebie subscription"},"content":{"rendered":"<section class=\"gb-element-1495fcaf\">\n<span class=\"gb-shape gb-shape-282bdafb gb-shape--divider\"><svg xmlns=\"http:\/\/www.w3.org\/2000\/svg\" viewbox=\"0 0 1200 218\" preserveaspectratio=\"none\"><path d=\"M0 218h1200v-31.3l-40 4.4c-40 4.8-120 13.1-200 0-80-13.6-160-48.6-240-66.7-80-17.8-160-17.8-240-8.8-80 8.6-160 26.9-240 8.8-80-17.7-160-71.1-200-97.7L0 0v218z\"><\/path><\/svg><\/span>\n\n\n\n<div class=\"gb-element-ee5d179d\">\n<div class=\"gb-element-d9065e1a\" style=\"--inline-bg-image: url(https:\/\/www.thefrenchexplorerschool.com\/wp-content\/uploads\/2025\/04\/DSCF6369-scaled.avif)\">\n<p class=\"gb-text gb-text-32c34bd2\">consiga ahora su regalo<\/p>\n\n\n\n<h1 class=\"gb-text gb-text-743ed648\">\u201c 5 minutos al d\u00eda para mejorar el franc\u00e9s de su hijo \u201c<\/h1>\n\n\n\n<p class=\"gb-text gb-text-4c961024\">Acciones cotidianas sencillas aunque no hables franc\u00e9s.<\/p>\n\n\n\n<img loading=\"lazy\" decoding=\"async\" width=\"2560\" height=\"1700\" class=\"gb-media-bfccd309\" src=\"https:\/\/www.thefrenchexplorerschool.com\/wp-content\/uploads\/2025\/04\/DSCF6375-scaled.avif\" title=\"Clases de franc\u00e9s en l\u00ednea en grupos reducidos con The French Explorer School\" alt=\"Online french classes in small groups with The French Explorer School\" srcset=\"https:\/\/www.thefrenchexplorerschool.com\/wp-content\/uploads\/2025\/04\/DSCF6375-scaled.avif 2560w, https:\/\/www.thefrenchexplorerschool.com\/wp-content\/uploads\/2025\/04\/DSCF6375-300x199.avif 300w, https:\/\/www.thefrenchexplorerschool.com\/wp-content\/uploads\/2025\/04\/DSCF6375-1024x680.avif 1024w, https:\/\/www.thefrenchexplorerschool.com\/wp-content\/uploads\/2025\/04\/DSCF6375-768x510.avif 768w, https:\/\/www.thefrenchexplorerschool.com\/wp-content\/uploads\/2025\/04\/DSCF6375-1536x1020.avif 1536w, https:\/\/www.thefrenchexplorerschool.com\/wp-content\/uploads\/2025\/04\/DSCF6375-2048x1360.avif 2048w\" sizes=\"auto, (max-width: 2560px) 100vw, 2560px\" \/>\n<\/div>\n\n\n\n<div class=\"gb-element-48747574\">\n<div class=\"gb-element-cfb0c5eb\">\n<!-- Begin Brevo Form -->\n<!-- START - We recommend to place the below code in head tag of your website html  -->\n<style>\n  @font-face {\n    font-display: block;\n    font-family: Roboto;\n    src: url(https:\/\/assets.brevo.com\/font\/Roboto\/Latin\/normal\/normal\/7529907e9eaf8ebb5220c5f9850e3811.woff2) format(\"woff2\"), url(https:\/\/assets.brevo.com\/font\/Roboto\/Latin\/normal\/normal\/25c678feafdc175a70922a116c9be3e7.woff) format(\"woff\")\n  }\n\n  @font-face {\n    font-display: fallback;\n    font-family: Roboto;\n    font-weight: 600;\n    src: url(https:\/\/assets.brevo.com\/font\/Roboto\/Latin\/medium\/normal\/6e9caeeafb1f3491be3e32744bc30440.woff2) format(\"woff2\"), url(https:\/\/assets.brevo.com\/font\/Roboto\/Latin\/medium\/normal\/71501f0d8d5aa95960f6475d5487d4c2.woff) format(\"woff\")\n  }\n\n  @font-face {\n    font-display: fallback;\n    font-family: Roboto;\n    font-weight: 700;\n    src: url(https:\/\/assets.brevo.com\/font\/Roboto\/Latin\/bold\/normal\/3ef7cf158f310cf752d5ad08cd0e7e60.woff2) format(\"woff2\"), url(https:\/\/assets.brevo.com\/font\/Roboto\/Latin\/bold\/normal\/ece3a1d82f18b60bcce0211725c476aa.woff) format(\"woff\")\n  }\n\n  #sib-container input:-ms-input-placeholder {\n    text-align: left;\n    font-family: Poppins, webFonts;\n    color: #c0ccda;\n  }\n\n  #sib-container input::placeholder {\n    text-align: left;\n    font-family: Poppins, webFonts;\n    color: #c0ccda;\n  }\n\n  #sib-container textarea::placeholder {\n    text-align: left;\n    font-family: Poppins, webFonts;\n    color: #c0ccda;\n  }\n\n  #sib-container a {\n    text-decoration: underline;\n    color: #2BB2FC;\n  }\n<\/style>\n<link rel=\"stylesheet\" href=\"https:\/\/sibforms.com\/forms\/end-form\/build\/sib-styles.css\">\n<link rel=\"stylesheet\" href=\"https:\/\/fonts.googleapis.com\/css2?family=Baloo 2&amp;family=Poppins&amp;&amp;display=swap\">\n<!--  END - We recommend to place the above code in head tag of your website html -->\n\n<!-- START - We recommend to place the below code where you want the form in your website html  -->\n<div class=\"sib-form\" style=\"text-align: center;         background-color: #EFF2F7;                                 \">\n  <div id=\"sib-form-container\" class=\"sib-form-container\">\n    <div id=\"error-message\" class=\"sib-form-message-panel\" style=\"font-size:16px; text-align:left; font-family:Helvetica, sans-serif; color:#661d1d; background-color:#ffeded; border-radius:3px; border-color:#ff4949;max-width:540px;\">\n      <div class=\"sib-form-message-panel__text sib-form-message-panel__text--center\">\n        <svg viewbox=\"0 0 512 512\" class=\"sib-icon sib-notification__icon\">\n          <path d=\"M256 40c118.621 0 216 96.075 216 216 0 119.291-96.61 216-216 216-119.244 0-216-96.562-216-216 0-119.203 96.602-216 216-216m0-32C119.043 8 8 119.083 8 256c0 136.997 111.043 248 248 248s248-111.003 248-248C504 119.083 392.957 8 256 8zm-11.49 120h22.979c6.823 0 12.274 5.682 11.99 12.5l-7 168c-.268 6.428-5.556 11.5-11.99 11.5h-8.979c-6.433 0-11.722-5.073-11.99-11.5l-7-168c-.283-6.818 5.167-12.5 11.99-12.5zM256 340c-15.464 0-28 12.536-28 28s12.536 28 28 28 28-12.536 28-28-12.536-28-28-28z\" \/>\n        <\/svg>\n        <span class=\"sib-form-message-panel__inner-text\">\n                          Hay un problema; no hemos podido confirmar su inscripci\u00f3n. P\u00f3ngase en contacto con nosotros directamente por correo electr\u00f3nico: missanne@thefrenchexplorerschool.com\n                      <\/span>\n      <\/div>\n    <\/div>\n    <div><\/div>\n    <div id=\"success-message\" class=\"sib-form-message-panel\" style=\"font-size:16px; text-align:left; font-family:Helvetica, sans-serif; color:#085229; background-color:#e7faf0; border-radius:3px; border-color:#13ce66;max-width:540px;\">\n      <div class=\"sib-form-message-panel__text sib-form-message-panel__text--center\">\n        <svg viewbox=\"0 0 512 512\" class=\"sib-icon sib-notification__icon\">\n          <path d=\"M256 8C119.033 8 8 119.033 8 256s111.033 248 248 248 248-111.033 248-248S392.967 8 256 8zm0 464c-118.664 0-216-96.055-216-216 0-118.663 96.055-216 216-216 118.664 0 216 96.055 216 216 0 118.663-96.055 216-216 216zm141.63-274.961L217.15 376.071c-4.705 4.667-12.303 4.637-16.97-.068l-85.878-86.572c-4.667-4.705-4.637-12.303.068-16.97l8.52-8.451c4.705-4.667 12.303-4.637 16.97.068l68.976 69.533 163.441-162.13c4.705-4.667 12.303-4.637 16.97.068l8.451 8.52c4.668 4.705 4.637 12.303-.068 16.97z\" \/>\n        <\/svg>\n        <span class=\"sib-form-message-panel__inner-text\">\n                          \u00a1Magn\u00edfico! Pronto recibir\u00e1s tu regalo. \n                      <\/span>\n      <\/div>\n    <\/div>\n    <div><\/div>\n    <div id=\"sib-container\" class=\"sib-container--large sib-container--vertical\" style=\"text-align:center; background-color:rgba(255,255,255,1); max-width:540px; border-radius:3px; border-width:1px; border-color:#C0CCD9; border-style:solid; direction:ltr\">\n      <form id=\"sib-form\" method=\"POST\" action=\"https:\/\/3f07b163.sibforms.com\/serve\/MUIFAD3rRuT4e7P3zsGWNbW_3qdGlE6Gwfu8JgcT4pQWw5lib_tZ8xLG4QvfxXXwNUhrsH6wxFKBd5Cjl0kGuTs0bGcLg4gUb7FT4xj8fCc02LRO-csqeWoWXVsKXZnD4r7OeEpmMa_OboM5Sdc4kjEoMHYuKZofxq6LCOTiaB_rjRussqStftTap2LSYjOtToSyJiia4pUL0grx\" data-type=\"subscription\">\n        <div style=\"padding: 8px 0;\">\n          <div class=\"sib-form-block\" style=\"font-size:25px; text-align:center; font-weight:700; font-family:&quot;Baloo 2&quot;, webFonts; color:#1c3144; background-color:transparent; text-align:center\">\n            <p>5 minutos al d\u00eda para mejorar el franc\u00e9s de su hijo<\/p>\n          <\/div>\n        <\/div>\n        <div style=\"padding: 8px 0;\">\n          <div class=\"sib-form-block sib-image-form-block\" style=\"text-align: center\">\n            <img decoding=\"async\" src=\"https:\/\/img.mailinblue.com\/9131750\/images\/content_library\/original\/68e3c5cf482c9d575b2b6c9f.jpg\" style=\"width: 500px;height: 93px;\" alt=\"\" title=\"\" \/>\n          <\/div>\n        <\/div>\n        <div style=\"padding: 8px 0;\">\n          <div class=\"sib-form-block\" style=\"font-size:14px; text-align:left; font-family:Poppins, webFonts; color:#1c3144; background-color:transparent; text-align:left\">\n            <div class=\"sib-text-form-block\">\n              <p>Descubra c\u00f3mo ayudar a su hijo a progresar en franc\u00e9s en 5 minutos al d\u00eda, \u00a1incluso si no habla franc\u00e9s!<\/p>\n            <\/div>\n          <\/div>\n        <\/div>\n        <div style=\"padding: 8px 0;\">\n          <div class=\"sib-input sib-form-block\">\n            <div class=\"form__entry entry_block\">\n              <div class=\"form__label-row\">\n                <label class=\"entry__label\" style=\"font-weight: 700; text-align:left; font-size:14px; text-align:left; font-weight:700; font-family:Poppins, webFonts; color:#3c4858;\" for=\"PRENOM\" data-required=\"*\">Nombre<\/label>\n\n                <div class=\"entry__field\">\n                  <input class=\"input\" maxlength=\"200\" type=\"text\" id=\"PRENOM\" name=\"PRENOM\" autocomplete=\"off\" data-required=\"true\" required \/>\n                <\/div>\n              <\/div>\n\n              <label class=\"entry__error entry__error--primary\" style=\"font-size:16px; text-align:left; font-family:Helvetica, sans-serif; color:#661d1d; background-color:#ffeded; border-radius:3px; border-color:#ff4949;\">\n              <\/label>\n            <\/div>\n          <\/div>\n        <\/div>\n        <div style=\"padding: 8px 0;\">\n          <div class=\"sib-input sib-form-block\">\n            <div class=\"form__entry entry_block\">\n              <div class=\"form__label-row\">\n                <label class=\"entry__label\" style=\"font-weight: 700; text-align:left; font-size:14px; text-align:left; font-weight:700; font-family:Poppins, webFonts; color:#3c4858;\" for=\"NOM\">Apellidos<\/label>\n\n                <div class=\"entry__field\">\n                  <input class=\"input\" maxlength=\"200\" type=\"text\" id=\"NOM\" name=\"NOM\" autocomplete=\"off\" \/>\n                <\/div>\n              <\/div>\n\n              <label class=\"entry__error entry__error--primary\" style=\"font-size:16px; text-align:left; font-family:Helvetica, sans-serif; color:#661d1d; background-color:#ffeded; border-radius:3px; border-color:#ff4949;\">\n              <\/label>\n            <\/div>\n          <\/div>\n        <\/div>\n        <div style=\"padding: 8px 0;\">\n          <div class=\"sib-input sib-form-block\">\n            <div class=\"form__entry entry_block\">\n              <div class=\"form__label-row\">\n                <label class=\"entry__label\" style=\"font-weight: 700; text-align:left; font-size:14px; text-align:left; font-weight:700; font-family:Poppins, webFonts; color:#3c4858;\" for=\"EMAIL\" data-required=\"*\">Correo electr\u00f3nico<\/label>\n\n                <div class=\"entry__field\">\n                  <input class=\"input\" type=\"text\" id=\"EMAIL\" name=\"EMAIL\" autocomplete=\"off\" data-required=\"true\" required \/>\n                <\/div>\n              <\/div>\n\n              <label class=\"entry__error entry__error--primary\" style=\"font-size:16px; text-align:left; font-family:Helvetica, sans-serif; color:#661d1d; background-color:#ffeded; border-radius:3px; border-color:#ff4949;\">\n              <\/label>\n            <\/div>\n          <\/div>\n        <\/div>\n        <div style=\"padding: 8px 0;\">\n          <div class=\"sib-optin sib-form-block\" data-required=\"true\">\n            <div class=\"form__entry entry_mcq\">\n              <div class=\"form__label-row\">\n                <label class=\"entry__label\" style=\"font-weight: 700; text-align:left; font-size:14px; text-align:left; font-weight:700; font-family:Poppins, webFonts; color:#3c4858;\" for=\"OPT_IN\" data-required=\"*\">Opt-in<\/label>\n                <div class=\"entry__choice\" style=\"\">\n                  <label>\n                    <input type=\"checkbox\" class=\"input_replaced\" value=\"1\" id=\"OPT_IN\" name=\"OPT_IN\" required \/>\n                    <span class=\"checkbox checkbox_tick_positive\"\n            style=\"margin-left:\"\n            ><\/span><span style=\"font-size:12px; text-align:left; font-family:Poppins, webFonts; color:#3C4858; background-color:transparent;\"><p>Acepto recibir correos electr\u00f3nicos de The French Explorer School y confirmo haber le\u00eddo las condiciones y la pol\u00edtica de privacidad.<\/p><\/span> <\/label>\n                <\/div>\n              <\/div>\n              <label class=\"entry__error entry__error--primary\" style=\"font-size:16px; text-align:left; font-family:Helvetica, sans-serif; color:#661d1d; background-color:#ffeded; border-radius:3px; border-color:#ff4949;\">\n              <\/label>\n              <label class=\"entry__specification\" style=\"font-size:12px; text-align:left; font-family:Poppins, webFonts; color:#8390A4; text-align:left\">\n                Puede darse de baja en cualquier momento haciendo clic en el enlace que aparece en nuestros correos electr\u00f3nicos.\n              <\/label>\n            <\/div>\n          <\/div>\n        <\/div>\n        <div style=\"padding: 8px 0;\">\n          <div class=\"sib-captcha sib-form-block\">\n            <div class=\"form__entry entry_block\">\n              <div class=\"form__label-row\">\n                <script>\n                  function handleCaptchaResponse() {\n                    var event = new Event('captchaChange');\n                    document.getElementById('sib-captcha').dispatchEvent(event);\n                  }\n                <\/script>\n                <div class=\"g-recaptcha sib-visible-recaptcha\" id=\"sib-captcha\" data-sitekey=\"6LcHlP4rAAAAAF4ruR36y2-38QWscbC537jE3Dm8\" data-callback=\"handleCaptchaResponse\" style=\"direction:ltr\"><\/div>\n              <\/div>\n              <label class=\"entry__error entry__error--primary\" style=\"font-size:16px; text-align:left; font-family:Helvetica, sans-serif; color:#661d1d; background-color:#ffeded; border-radius:3px; border-color:#ff4949;\">\n              <\/label>\n              <label class=\"entry__specification\" style=\"font-size:12px; text-align:left; font-family:Poppins, webFonts; color:#8390A4; text-align:left\">\n                Formulario protegido por reCAPTCHA\n              <\/label>\n            <\/div>\n          <\/div>\n        <\/div>\n        <div style=\"padding: 8px 0;\">\n          <div class=\"sib-form-block\" style=\"text-align: left\">\n            <button class=\"sib-form-block__button sib-form-block__button-with-loader\" style=\"font-size:16px; text-align:left; font-weight:700; font-family:&quot;Baloo 2&quot;, webFonts; color:#FFFFFF; background-color:#1c3144; border-radius:20px; border-width:0px;\" form=\"sib-form\" type=\"submit\">\n              <svg class=\"icon clickable__icon progress-indicator__icon sib-hide-loader-icon\" viewbox=\"0 0 512 512\" style=\"\">\n                <path d=\"M460.116 373.846l-20.823-12.022c-5.541-3.199-7.54-10.159-4.663-15.874 30.137-59.886 28.343-131.652-5.386-189.946-33.641-58.394-94.896-95.833-161.827-99.676C261.028 55.961 256 50.751 256 44.352V20.309c0-6.904 5.808-12.337 12.703-11.982 83.556 4.306 160.163 50.864 202.11 123.677 42.063 72.696 44.079 162.316 6.031 236.832-3.14 6.148-10.75 8.461-16.728 5.01z\" \/>\n              <\/svg>\n              Mejora tu franc\u00e9s\n            <\/button>\n          <\/div>\n        <\/div>\n\n        <input type=\"text\" name=\"email_address_check\" value=\"\" class=\"input--hidden\">\n        <input type=\"hidden\" name=\"locale\" value=\"fr\">\n      <\/form>\n    <\/div>\n  <\/div>\n<\/div>\n<!-- END - We recommend to place the above code where you want the form in your website html  -->\n\n<!-- START - We recommend to place the below code in footer or bottom of your website html  -->\n<script>\n  window.REQUIRED_CODE_ERROR_MESSAGE = 'Veuillez choisir un code pays';\n  window.LOCALE = 'fr';\n  window.EMAIL_INVALID_MESSAGE = window.SMS_INVALID_MESSAGE = \"The information you provided is not valid. Please check the field format and try again.\";\n\n  window.REQUIRED_ERROR_MESSAGE = \"You must fill in this field. \";\n\n  window.GENERIC_INVALID_MESSAGE = \"The information you provided is not valid. Please check the field format and try again.\";\n\n\n\n\n  window.translation = {\n    common: {\n      selectedList: '{quantity} liste s\u00e9lectionn\u00e9e',\n      selectedLists: '{quantity} listes s\u00e9lectionn\u00e9es',\n      selectedOption: '{quantity} s\u00e9lectionn\u00e9',\n      selectedOptions: '{quantity} s\u00e9lectionn\u00e9s',\n    }\n  };\n\n  var AUTOHIDE = Boolean(0);\n<\/script>\n\n<script defer src=\"https:\/\/sibforms.com\/forms\/end-form\/build\/main.js\"><\/script>\n\n<script src=\"https:\/\/www.google.com\/recaptcha\/api.js?hl=fr\"><\/script>\n\n<!-- END - We recommend to place the above code in footer or bottom of your website html  -->\n<!-- End Brevo Form -->\n<\/div>\n<\/div>\n<\/div>\n<\/section>\n\n\n\n<section class=\"gb-element-536f8c41\">\n<span class=\"gb-shape gb-shape-7dd8c32d gb-shape--divider\"><svg preserveaspectratio=\"none\" viewbox=\"0 0 1200 130.3\" xmlns=\"http:\/\/www.w3.org\/2000\/svg\"><path d=\"M0 107.9l40-22.2c40-21.9 120-66.9 200-62.2 80 4.4 160 57.8 240 53.3C560 72 640 10.4 720 1.2S880 37 960 59c80 22.3 160 22.3 200 22.3h40v49H0v-22.4z\"><\/path><\/svg><\/span>\n\n\n\n<div class=\"gb-element-6b654b89\">\n<div class=\"gb-element-4c7d5746\">\n<p class=\"gb-text gb-text-c0a71ae0\">Sobre m\u00ed, Anne<\/p>\n\n\n\n<h2 class=\"gb-text gb-text-0670c70c\">\u00bfqui\u00e9n soy y por qu\u00e9 aprender franc\u00e9s conmigo?<\/h2>\n\n\n\n<p class=\"gb-text\"><em>\u00a1Bonjour ! Je m'appelle <strong>Ana<\/strong><\/em>. <br>Soy el fundador de <strong>The French Explorer School<\/strong>.<\/p>\n\n\n\n<p class=\"gb-text translation-block\">En mis 25 a\u00f1os de carrera, he tenido el privilegio de viajar y ense\u00f1ar en diferentes partes del mundo como <strong>T\u00fanez<\/strong> y <strong>China<\/strong>.<br>Ahora que estoy de vuelta en mi ciudad natal en <strong>Francia<\/strong>, ense\u00f1o <strong>franc\u00e9s online a ni\u00f1os de 5 a 17 a\u00f1os<\/strong>.<\/p>\n\n\n\n<p class=\"gb-text\">Eche un vistazo a lo que ofrecen Los Exploradores Franceses : <\/p>\n\n\n\n<div class=\"gb-element-d77c8bc9\">\n<div class=\"gb-element-b13aedbd\">\n<a class=\"gb-text-8ad1776a\" href=\"https:\/\/www.thefrenchexplorerschool.com\/es\/online-french-classes\/\"><span class=\"gb-shape\"><svg xmlns=\"http:\/\/www.w3.org\/2000\/svg\" viewbox=\"0 0 576 512\"><!--!Font Awesome Free 6.7.2 by @fontawesome - https:\/\/fontawesome.com License - https:\/\/fontawesome.com\/license\/free Copyright 2025 Fonticons, Inc.--><path d=\"M249.6 471.5c10.8 3.8 22.4-4.1 22.4-15.5l0-377.4c0-4.2-1.6-8.4-5-11C247.4 52 202.4 32 144 32C93.5 32 46.3 45.3 18.1 56.1C6.8 60.5 0 71.7 0 83.8L0 454.1c0 11.9 12.8 20.2 24.1 16.5C55.6 460.1 105.5 448 144 448c33.9 0 79 14 105.6 23.5zm76.8 0C353 462 398.1 448 432 448c38.5 0 88.4 12.1 119.9 22.6c11.3 3.8 24.1-4.6 24.1-16.5l0-370.3c0-12.1-6.8-23.3-18.1-27.6C529.7 45.3 482.5 32 432 32c-58.4 0-103.4 20-123 35.6c-3.3 2.6-5 6.8-5 11L304 456c0 11.4 11.7 19.3 22.4 15.5z\"><\/path><\/svg><\/span><span class=\"gb-text\">Clases de franc\u00e9s en l\u00ednea<\/span><\/a>\n<\/div>\n\n\n\n<div class=\"gb-element-bfb71583\">\n<a class=\"gb-text-080a4729\" href=\"https:\/\/www.thefrenchexplorerschool.com\/es\/french-family-camp\/\"><span class=\"gb-shape\"><svg xmlns=\"http:\/\/www.w3.org\/2000\/svg\" viewbox=\"0 0 512 512\"><!--!Font Awesome Free 6.7.2 by @fontawesome - https:\/\/fontawesome.com License - https:\/\/fontawesome.com\/license\/free Copyright 2025 Fonticons, Inc.--><path d=\"M177.8 63.2l10 17.4c2.8 4.8 4.2 10.3 4.2 15.9l0 41.4c0 3.9 1.6 7.7 4.3 10.4c6.2 6.2 16.5 5.7 22-1.2l13.6-17c4.7-5.9 12.9-7.7 19.6-4.3l15.2 7.6c3.4 1.7 7.2 2.6 11 2.6c6.5 0 12.8-2.6 17.4-7.2l3.9-3.9c2.9-2.9 7.3-3.6 11-1.8l29.2 14.6c7.8 3.9 12.6 11.8 12.6 20.5c0 10.5-7.1 19.6-17.3 22.2l-35.4 8.8c-7.4 1.8-15.1 1.5-22.4-.9l-32-10.7c-3.3-1.1-6.7-1.7-10.2-1.7c-7 0-13.8 2.3-19.4 6.5L176 212c-10.1 7.6-16 19.4-16 32l0 28c0 26.5 21.5 48 48 48l32 0c8.8 0 16 7.2 16 16l0 48c0 17.7 14.3 32 32 32c10.1 0 19.6-4.7 25.6-12.8l25.6-34.1c8.3-11.1 12.8-24.6 12.8-38.4l0-12.1c0-3.9 2.6-7.3 6.4-8.2l5.3-1.3c11.9-3 20.3-13.7 20.3-26c0-7.1-2.8-13.9-7.8-18.9l-33.5-33.5c-3.7-3.7-3.7-9.7 0-13.4c5.7-5.7 14.1-7.7 21.8-5.1l14.1 4.7c12.3 4.1 25.7-1.5 31.5-13c3.5-7 11.2-10.8 18.9-9.2l27.4 5.5C432 112.4 351.5 48 256 48c-27.7 0-54 5.4-78.2 15.2zM0 256a256 256 0 1 1 512 0A256 256 0 1 1 0 256z\"><\/path><\/svg><\/span><span class=\"gb-text\">Campamento familiar franc\u00e9s<\/span><\/a>\n<\/div>\n<\/div>\n<\/div>\n\n\n\n<div class=\"gb-element-ca0f46cf\" style=\"--inline-bg-image: url(https:\/\/www.thefrenchexplorerschool.com\/wp-content\/uploads\/2025\/05\/DSCF6364-scaled.webp)\"><\/div>\n<\/div>\n<\/section>\n\n\n\n<div class=\"gb-element-08607c9c\">\n<span class=\"gb-shape gb-shape-736890da gb-shape--divider\"><svg xmlns=\"http:\/\/www.w3.org\/2000\/svg\" viewbox=\"0 0 1200 137.6\" preserveaspectratio=\"none\"><path d=\"M0 137.6h1200V21.9l-66.7 26.7c-66.7 26.7-200 80-333.3 66.7S533.3 21.9 400 4.2C266.7-13.9 133.3 31.1 66.7 53L0 75.3v62.3z\"><\/path><\/svg><\/span>\n\n\n\n<section class=\"gb-element-4b4486c6\">\n<div class=\"gb-element-e94c1498\">\n<div class=\"gb-element-356b4af2\">\n<h2 class=\"gb-text gb-text-922f4c21\">\u00bfListo para que su peque\u00f1o explorador se sumerja en la cultura francesa?<\/h2>\n\n\n\n<h2 class=\"gb-text gb-text-b4274bdb\">Reserve una llamada de descubrimiento ahora<\/h2>\n\n\n\n<p class=\"gb-text gb-text-034ba9fd\">Conozc\u00e1monos primero para ver si la Escuela de Exploradores Franceses es adecuada para su hijo o no.<\/p>\n<\/div>\n\n\n\n<a class=\"gb-text gb-text-964b5ca7\" href=\"https:\/\/www.thefrenchexplorerschool.com\/es\/book-a-discovery-call\/\">Cont\u00e1ctenos<\/a>\n<\/div>\n<\/section>\n<\/div>","protected":false},"excerpt":{"rendered":"<p>get your freebie now &#8220;5 minutes a day to boost your child&#8217;s French &#8220; Simple daily actions even if you don\u2019t speak French. There is a problem; we were unable to confirm your registration. Please contact us directly by email: missanne@thefrenchexplorerschool.com Super! You will receive your freebie soon. 5 minutes a day to boost your &#8230; <a title=\"Freebie subscription\" class=\"read-more\" href=\"https:\/\/www.thefrenchexplorerschool.com\/es\/freebie-subscription\/\" aria-label=\"Leer m\u00e1s sobre Freebie subscription\">Read this post<\/a><\/p>","protected":false},"author":2,"featured_media":0,"parent":0,"menu_order":0,"comment_status":"closed","ping_status":"closed","template":"","meta":{"footnotes":""},"class_list":["post-8885","page","type-page","status-publish"],"_links":{"self":[{"href":"https:\/\/www.thefrenchexplorerschool.com\/es\/wp-json\/wp\/v2\/pages\/8885","targetHints":{"allow":["GET"]}}],"collection":[{"href":"https:\/\/www.thefrenchexplorerschool.com\/es\/wp-json\/wp\/v2\/pages"}],"about":[{"href":"https:\/\/www.thefrenchexplorerschool.com\/es\/wp-json\/wp\/v2\/types\/page"}],"author":[{"embeddable":true,"href":"https:\/\/www.thefrenchexplorerschool.com\/es\/wp-json\/wp\/v2\/users\/2"}],"replies":[{"embeddable":true,"href":"https:\/\/www.thefrenchexplorerschool.com\/es\/wp-json\/wp\/v2\/comments?post=8885"}],"version-history":[{"count":10,"href":"https:\/\/www.thefrenchexplorerschool.com\/es\/wp-json\/wp\/v2\/pages\/8885\/revisions"}],"predecessor-version":[{"id":9082,"href":"https:\/\/www.thefrenchexplorerschool.com\/es\/wp-json\/wp\/v2\/pages\/8885\/revisions\/9082"}],"wp:attachment":[{"href":"https:\/\/www.thefrenchexplorerschool.com\/es\/wp-json\/wp\/v2\/media?parent=8885"}],"curies":[{"name":"wp","href":"https:\/\/api.w.org\/{rel}","templated":true}]}}